{"id":25,"date":"2014-01-06T11:39:16","date_gmt":"2014-01-06T10:39:16","guid":{"rendered":"http:\/\/www.sverkerastromfoundation.se\/eng\/?page_id=25"},"modified":"2016-11-27T21:46:44","modified_gmt":"2016-11-27T20:46:44","slug":"in-memoriam","status":"publish","type":"page","link":"http:\/\/www.sverkerastromfoundation.se\/eng\/in-memoriam\/","title":{"rendered":"In Memoriam"},"content":{"rendered":"<h1>Sverker \u00c5str\u00f6m &#8211; 100 years<\/h1>\n<p style=\"text-align: left;\"><img decoding=\"async\" loading=\"lazy\" alt=\"grave-comp\" src=\"http:\/\/www.sverkerastromfoundation.se\/wp-content\/uploads\/2016\/01\/grave-comp-300x185.jpg\" width=\"420\" height=\"280\" \/><\/p>\n<p style=\"text-align: left;\">The 100 year anniversary of Sverker \u00c5str\u00f6m on December, 30 was celebrated at his grave in the cemetery of St. John in Stockholm. Friends sang \u201dHappy birthday\u201d, drank champagne, poured over the grave and lit candles. Elena Alekseeva, one of the stipendiates, read his most beloved Pushkin&#8217;s poem \u201dUmolknu skoro ya\u201d.<\/p>\n<h1>Sverker \u00c5str\u00f6m<b>\u00a0(1915-2012)<\/b><\/h1>\n<p><b>He passed away June 26 at Serafen <\/b><b style=\"line-height: 1.5em;\">in Stockholm, aged 96.<\/b><\/p>\n<p><img decoding=\"async\" loading=\"lazy\" class=\"alignleft size-full wp-image-463\" alt=\"img1\" src=\"http:\/\/www.sverkerastromfoundation.se\/eng\/wp-content\/uploads\/sites\/2\/2014\/01\/img1.png\" width=\"222\" height=\"154\" \/>Sverker Astrom\u00b4s funeral service was held at St Johannes Church, Stockholm, August 1.<\/p>\n<p>&nbsp;<\/p>\n<p>&nbsp;<\/p>\n<p><img decoding=\"async\" loading=\"lazy\" class=\"alignleft size-full wp-image-468\" alt=\"bild-2-300x225\" src=\"http:\/\/www.sverkerastromfoundation.se\/eng\/wp-content\/uploads\/sites\/2\/2014\/01\/bild-2-300x2251.jpg\" width=\"222\" height=\"167\" \/><\/p>\n<p><img decoding=\"async\" loading=\"lazy\" class=\"alignleft size-full wp-image-469\" alt=\"bild-3-300x225\" src=\"http:\/\/www.sverkerastromfoundation.se\/eng\/wp-content\/uploads\/sites\/2\/2014\/01\/bild-3-300x2251.jpg\" width=\"222\" height=\"167\" \/> <img decoding=\"async\" loading=\"lazy\" class=\"alignleft size-full wp-image-470\" alt=\"bild-225x300\" src=\"http:\/\/www.sverkerastromfoundation.se\/eng\/wp-content\/uploads\/sites\/2\/2014\/01\/bild-225x3001.jpg\" width=\"125\" height=\"167\" \/><\/p>\n","protected":false},"excerpt":{"rendered":"<p>Sverker \u00c5str\u00f6m &#8211; 100 years The 100 year anniversary of Sverker \u00c5str\u00f6m on December, 30 was celebrated at his grave in the cemetery of St. John in Stockholm. Friends sang \u201dHappy birthday\u201d, drank champagne, poured over the grave and lit candles. Elena Alekseeva, one of the stipendiates, read his most beloved Pushkin&#8217;s poem \u201dUmolknu skoro [&hellip;]<\/p>\n","protected":false},"author":1,"featured_media":0,"parent":0,"menu_order":0,"comment_status":"open","ping_status":"open","template":"","meta":{"_links_to":"","_links_to_target":""},"aioseo_notices":[],"_links":{"self":[{"href":"http:\/\/www.sverkerastromfoundation.se\/eng\/wp-json\/wp\/v2\/pages\/25"}],"collection":[{"href":"http:\/\/www.sverkerastromfoundation.se\/eng\/wp-json\/wp\/v2\/pages"}],"about":[{"href":"http:\/\/www.sverkerastromfoundation.se\/eng\/wp-json\/wp\/v2\/types\/page"}],"author":[{"embeddable":true,"href":"http:\/\/www.sverkerastromfoundation.se\/eng\/wp-json\/wp\/v2\/users\/1"}],"replies":[{"embeddable":true,"href":"http:\/\/www.sverkerastromfoundation.se\/eng\/wp-json\/wp\/v2\/comments?post=25"}],"version-history":[{"count":19,"href":"http:\/\/www.sverkerastromfoundation.se\/eng\/wp-json\/wp\/v2\/pages\/25\/revisions"}],"predecessor-version":[{"id":475,"href":"http:\/\/www.sverkerastromfoundation.se\/eng\/wp-json\/wp\/v2\/pages\/25\/revisions\/475"}],"wp:attachment":[{"href":"http:\/\/www.sverkerastromfoundation.se\/eng\/wp-json\/wp\/v2\/media?parent=25"}],"curies":[{"name":"wp","href":"https:\/\/api.w.org\/{rel}","templated":true}]}}