{"id":2,"date":"2013-12-19T11:33:13","date_gmt":"2013-12-19T10:33:13","guid":{"rendered":"http:\/\/www.sverkerastromfoundation.se\/eng\/?page_id=2"},"modified":"2024-01-15T13:52:49","modified_gmt":"2024-01-15T12:52:49","slug":"the-foundation","status":"publish","type":"page","link":"http:\/\/www.sverkerastromfoundation.se\/eng\/","title":{"rendered":"The foundation"},"content":{"rendered":"<h3>THE BOARD HAS CANCELED THE SCHOLARSHIP FOR APPLICANTS FROM THE RUSSIAN FEDERATION.<br \/>\nRUSSIANS LOCATED ABROAD ARE WELCOME TO APPLY.<\/h3>\n<h2>\nSverker \u00c5str\u00f6m Alumni met in Moscow (2016)<\/h2>\n<p>November 3 a meeting of more than 40 Sverker Astr\u00f6m scholars met a the Swedish Embassy in Moscow to get to know each other and tell about how the scholarship helped them in their future career.<\/p>\n<p>A discussion about \u201dsoft projects in hard times\u201d to help the relationship between Sweden and Moscow also took place with the presence of businessman Christoffer Norman and Swedish Radio correspondent Maria Persson L\u00f6freg and the ambassador and scholar Andrei Semenov also took place before the company gathered at a buffet dinner at the ambassador\u00b4s residence.<\/p>\n<p>The following day Disa H\u00e5stad gilded the company through \u201dher Moscow\u201d in a bus and everybody had lunch at the restaurant Petrovich, now joined by the scholar Julie Terekhova.<\/p>\n<h2><img decoding=\"async\" loading=\"lazy\" class=\"alignleft size-full wp-image-450\" src=\"http:\/\/www.sverkerastromfoundation.se\/eng\/wp-content\/uploads\/sites\/2\/2013\/12\/2.jpg\" alt=\"2\" width=\"670\" height=\"331\" srcset=\"http:\/\/www.sverkerastromfoundation.se\/eng\/wp-content\/uploads\/sites\/2\/2013\/12\/2.jpg 670w, http:\/\/www.sverkerastromfoundation.se\/eng\/wp-content\/uploads\/sites\/2\/2013\/12\/2-300x148.jpg 300w\" sizes=\"(max-width: 670px) 100vw, 670px\" \/><\/h2>\n<p><span style=\"color: #000000;\"><span style=\"text-decoration: underline;\">Standing (from left):<\/span>&nbsp;<\/span><span style=\"color: #000000;\">Yulia Yakubovskaya with daughter Polina, Anja Fomenkova, Oksana Grigorieva, Anna Varfolomeeva, Daria Bychkova, Alexandra Kuimova, Anna Gorobenko, Youlya Vronskaia, Irina Sotnikova, Olga Amelkina, Anastasiia Rind, Natalja Barabash-Berglind, Nadya Tochilova, Alina Uvaeva, Leta Iugaj, Alena Shihelyakina, Olga Kuvaldina, Yulia Krivtsova, Anna Bulycheva-Ivanova, Sergei Kremnev, the Swedish lector at Moscow university.<br \/>\n<\/span><span style=\"text-decoration: underline;\"><span style=\"color: #000000; text-decoration: underline;\">Back row:&nbsp;<\/span><\/span><span style=\"color: #000000;\">Georgi Katsitadze, Zhenya Sidorova, Lidia Karpunina, Anna Hizo, Vsevolod Bederson, Andrei Semenov, Sergei Andrusenko, Dilyara Garafova, Elena Alexeeva, Michail Adamov, Andrei Sotnikov, Anna Slapinia, Torbj\u00f6rn Becker, Ekaterina Erofenko, Grigorij Tsidenkov, , Evgeny Gamerman, Farid Iunusov, Ilia Sidorchuk, Liubov Ermolaeva.<br \/>\n<\/span><span style=\"color: #000000;\"><span style=\"text-decoration: underline;\">Front row:<\/span> \u00d6rjan Berner, Disa H\u00e5stad. Irina Moutaye with daughter Sara, ambassador Peter Ericson, Dmitry Rudenko.<br \/>\n<\/span><span style=\"color: #000000;\"><span style=\"text-decoration: underline;\">Sitting on the floor:<\/span> Michael Sohlman.<\/span><\/p>\n<h2>The mayor of Samara expressed gratitude to Sweden<\/h2>\n<p>It took ninety five years for Sweden to receive gratitude for the fact that the Swedish Red Cross had saved hundreds of lives during a severe famine in Russia, in the Volga region, erupted during 1921-1923 years.<\/p>\n<p><img decoding=\"async\" loading=\"lazy\" class=\"alignleft\" src=\"http:\/\/www.sverkerastromfoundation.se\/rus\/wp-content\/uploads\/sites\/3\/2014\/01\/Screen-Shot-2016-04-26-at-11.21.45-239x300.png\" alt=\"Screen Shot 2016-04-26 at 11.21.45\" width=\"219\" height=\"290\">Russian scientist&nbsp;Grigory Tsidenkov the stipendiate of Sverker \u00c5str\u00f6m Foundation conducted a study which revealed how much help to Russia was actually provided by the Swedish Red Cross. The result of this study was the exhibition held at the Nobel Museum in Stockholm, organized in honor of the 100th anniversary of the Swedish diplomat Sverker Astrom. Later the exhibition was demonstrated and the Stockholm School of Economics. This was the first time when Russia thanked Sweden for its actions during the famine of 1921-1923, says Grigory Tsidenkov. Now, however, the mayor\u2019s office of Samara took the initiative to create a monument to the Swedish Red Cross, the Swedish Prince Carl, who led the action. It is decided to erect the monument at the banks of the Volga river.<\/p>\n<h2><a href=\"http:\/\/www.sverkerastromfoundation.se\/rus\/wp-content\/uploads\/sites\/3\/2016\/04\/GrigoriyTsidenkov_report1.pdf\"><img decoding=\"async\" loading=\"lazy\" src=\"http:\/\/www.sverkerastromfoundation.se\/wp-content\/uploads\/2013\/12\/pdf-icon1.png\" alt=\"pdf-icon\" width=\"60\" height=\"76\"><\/a><\/h2>\n<h1><\/h1>\n<h1>Who was Sverker \u00c5str\u00f6m?<\/h1>\n<p><img decoding=\"async\" loading=\"lazy\" class=\"alignleft size-medium wp-image-17\" src=\"http:\/\/www.sverkerastromfoundation.se\/eng\/wp-content\/uploads\/sites\/2\/2013\/12\/IMG_1878-sverker-astrom-300x298.jpg\" alt=\"IMG_1878-sverker-astrom\" width=\"300\" height=\"298\" srcset=\"http:\/\/www.sverkerastromfoundation.se\/eng\/wp-content\/uploads\/sites\/2\/2013\/12\/IMG_1878-sverker-astrom-300x298.jpg 300w, http:\/\/www.sverkerastromfoundation.se\/eng\/wp-content\/uploads\/sites\/2\/2013\/12\/IMG_1878-sverker-astrom-150x150.jpg 150w, http:\/\/www.sverkerastromfoundation.se\/eng\/wp-content\/uploads\/sites\/2\/2013\/12\/IMG_1878-sverker-astrom.jpg 576w\" sizes=\"(max-width: 300px) 100vw, 300px\" \/>Sverker \u00c5str\u00f6m (1915-2012) was one of the most experienced Swedish diplomats,with a record going back to 1939. For many, he was the architect of Sweden&#8217;s neutrality policy, but this never stopped him from pointing out crimes against human rights, committed by East and West. Sverker \u00c5str\u00f6m&#8217;s recollections of a long life in the service of diplomacy is, indeed, &#8221;living history&#8221;. Very early, he developed a keen interest in things Russian &#8211; both politically and culturally. He was the author of sharp notes to the Soviet government but also a sensitive translator of Pushkin&#8217;s verse dramas. It is no coincidence that his inheritance will serve good relations between Russia and Sweden.<\/p>\n<p>Sverker \u00c5str\u00f6m was born in Uppsala in 1915. He took his first degree at the philosophic faculty of Uppsala University in 1935, followed by a law degree in 1939. The same year he was accepted for Swedish diplomatic service with his first posting to Moscow. At the break-out of the war he was evacuated, with other diplomats, to Samara, then Kuibyshev. Back in Stockholm, he worked at the ministry for Foreign Affairs 1943-46; he was transferred to the Washington mission in 1946, returning to Stockholm in 1949 to serve as head of section. He was a counselor at the London embassy 1953-56 and head of the political department of the Swedish Foreign ministry 1956-63. 1964-70 he headed the Swedish delegation to the UN in New York and was the main negotiator for Sweden with the European Community 1971-72. 1972-77 Sverker \u00c5str\u00f6m was Deputy Foreign Minister. 1972-77 his final post was ambassador to France. After his retirement Sverker \u00c5str\u00f6m was an eloquent but sometimes controversial debater in Swedish press and TV.<\/p>\n<p>Many readers have been impressed by his translations as elder statesman &#8211; of Sonnets by Michelangelo (2005).<\/p>\n<p>Sverker \u00c5str\u00f6m has also published his memoirs from half a century in the service of the Swedish Foreign Ministry (only in Swedish), \u00d6gonblick 2003.<\/p>\n","protected":false},"excerpt":{"rendered":"<p>THE BOARD HAS CANCELED THE SCHOLARSHIP FOR APPLICANTS FROM THE RUSSIAN FEDERATION. RUSSIANS LOCATED ABROAD ARE WELCOME TO APPLY. Sverker \u00c5str\u00f6m Alumni met in Moscow (2016) November 3 a meeting of more than 40 Sverker Astr\u00f6m scholars met a the Swedish Embassy in Moscow to get to know each other and tell about how the [&hellip;]<\/p>\n","protected":false},"author":1,"featured_media":0,"parent":0,"menu_order":0,"comment_status":"open","ping_status":"closed","template":"","meta":{"_links_to":"","_links_to_target":""},"aioseo_notices":[],"_links":{"self":[{"href":"http:\/\/www.sverkerastromfoundation.se\/eng\/wp-json\/wp\/v2\/pages\/2"}],"collection":[{"href":"http:\/\/www.sverkerastromfoundation.se\/eng\/wp-json\/wp\/v2\/pages"}],"about":[{"href":"http:\/\/www.sverkerastromfoundation.se\/eng\/wp-json\/wp\/v2\/types\/page"}],"author":[{"embeddable":true,"href":"http:\/\/www.sverkerastromfoundation.se\/eng\/wp-json\/wp\/v2\/users\/1"}],"replies":[{"embeddable":true,"href":"http:\/\/www.sverkerastromfoundation.se\/eng\/wp-json\/wp\/v2\/comments?post=2"}],"version-history":[{"count":48,"href":"http:\/\/www.sverkerastromfoundation.se\/eng\/wp-json\/wp\/v2\/pages\/2\/revisions"}],"predecessor-version":[{"id":642,"href":"http:\/\/www.sverkerastromfoundation.se\/eng\/wp-json\/wp\/v2\/pages\/2\/revisions\/642"}],"wp:attachment":[{"href":"http:\/\/www.sverkerastromfoundation.se\/eng\/wp-json\/wp\/v2\/media?parent=2"}],"curies":[{"name":"wp","href":"https:\/\/api.w.org\/{rel}","templated":true}]}}